{"id":155,"date":"2025-12-24T15:05:27","date_gmt":"2025-12-24T20:05:27","guid":{"rendered":"http:\/\/localhost\/eldato\/?page_id=155"},"modified":"2026-01-05T17:33:24","modified_gmt":"2026-01-05T22:33:24","slug":"servicios","status":"publish","type":"page","link":"https:\/\/deportiva360.com\/?page_id=155","title":{"rendered":"Servicios"},"content":{"rendered":"\n<h2 class=\"wp-block-heading has-base-color has-accent-3-background-color has-text-color has-background has-link-color wp-elements-51732e86f8592e96e5b02496593e57be\" style=\"border-top-left-radius:0px;border-top-right-radius:25px;border-bottom-left-radius:25px;border-bottom-right-radius:0px;border-top-style:none;border-top-width:0px;margin-top:25px;margin-bottom:0px\"><strong>Nuestros Servicios<\/strong><\/h2>\n\n\n\n<p>En <strong>deportiva360<\/strong> ofrecemos soluciones tecnol\u00f3gicas dise\u00f1adas para impulsar la eficiencia, el crecimiento y la transformaci\u00f3n digital <strong>emprendedores y organizaciones<\/strong>. Combinamos experiencia, innovaci\u00f3n y acompa\u00f1amiento para entregar resultados reales.<\/p>\n\n\n\n<h2 class=\"wp-block-heading has-base-color has-accent-3-background-color has-text-color has-background has-link-color wp-elements-72b23068a3b06a2fb0914b2401eed9d2\" style=\"border-top-left-radius:0px;border-top-right-radius:25px;border-bottom-left-radius:25px;border-bottom-right-radius:0px;border-top-style:none;border-top-width:0px\"><strong>Desarrollo Web<\/strong><\/h2>\n\n\n\n<p>Dise\u00f1amos y desarrollamos <strong>sitios web modernos, responsivos y optimizados<\/strong>, enfocados en usabilidad, rendimiento y posicionamiento. Creamos desde p\u00e1ginas institucionales y landing pages hasta plataformas web m\u00e1s complejas, alineadas a los objetivos de tu proyecto.<\/p>\n\n\n\n<p>Incluye:<\/p>\n\n\n\n<ul class=\"wp-block-list\">\n<li>Sitios web corporativos<\/li>\n\n\n\n<li>Landing pages<\/li>\n\n\n\n<li>Optimizaci\u00f3n de rendimiento<\/li>\n\n\n\n<li>Adaptaci\u00f3n a dispositivos m\u00f3viles<\/li>\n\n\n\n<li>Buenas pr\u00e1cticas SEO t\u00e9cnico<\/li>\n<\/ul>\n\n\n\n<h2 class=\"wp-block-heading has-base-color has-accent-3-background-color has-text-color has-background has-link-color wp-elements-3cf8fd2ab6ca373ea11fc95ccbab8377\" style=\"border-top-left-radius:0px;border-top-right-radius:25px;border-bottom-left-radius:25px;border-bottom-right-radius:0px\"><strong>Sistemas a Medida<\/strong><\/h2>\n\n\n\n<p>Desarrollamos <strong>sistemas personalizados<\/strong> que se adaptan a tus procesos y necesidades espec\u00edficas. Nuestras soluciones son escalables, seguras y pensadas para crecer junto a tu negocio u organizaci\u00f3n.<\/p>\n\n\n\n<p>Incluye:<\/p>\n\n\n\n<ul class=\"wp-block-list\">\n<li>Sistemas de gesti\u00f3n administrativa<\/li>\n\n\n\n<li>Plataformas personalizadas<\/li>\n\n\n\n<li>Automatizaci\u00f3n de procesos<\/li>\n\n\n\n<li>Integraciones con otros sistemas<\/li>\n<\/ul>\n\n\n\n<h2 class=\"wp-block-heading has-base-color has-accent-3-background-color has-text-color has-background has-link-color wp-elements-4ca9b27da48738effa3ccf57c221eabe\" style=\"border-top-left-radius:0px;border-top-right-radius:25px;border-bottom-left-radius:25px;border-bottom-right-radius:0px\"><strong>Gesti\u00f3n Deportiva<\/strong><\/h2>\n\n\n\n<p>Creamos soluciones digitales orientadas a la <strong>gesti\u00f3n deportiva<\/strong>, facilitando la administraci\u00f3n de ligas, clubes, atletas y competencias, mejorando el control, la organizaci\u00f3n y el an\u00e1lisis de informaci\u00f3n.<\/p>\n\n\n\n<p>Incluye:<\/p>\n\n\n\n<ul class=\"wp-block-list\">\n<li>Sistemas de gesti\u00f3n de ligas y organizaciones deportivas<\/li>\n\n\n\n<li>Control de resultados y estad\u00edsticas<\/li>\n\n\n\n<li>Administraci\u00f3n de atletas y equipos<\/li>\n\n\n\n<li>Plataformas informativas y de seguimiento<\/li>\n<\/ul>\n\n\n\n<h2 class=\"wp-block-heading has-base-color has-accent-3-background-color has-text-color has-background has-link-color wp-elements-a873ddf67cd3639468b9102d4958db14\" style=\"border-top-left-radius:0px;border-top-right-radius:25px;border-bottom-left-radius:25px;border-bottom-right-radius:0px\"><strong>Consultor\u00eda Tecnol\u00f3gica<\/strong><\/h2>\n\n\n\n<p>Brindamos <strong>asesor\u00eda y acompa\u00f1amiento tecnol\u00f3gico<\/strong>, ayud\u00e1ndote a tomar decisiones informadas para optimizar o iniciar tu transformaci\u00f3n digital.<\/p>\n\n\n\n<p>Incluye:<\/p>\n\n\n\n<ul class=\"wp-block-list\">\n<li>An\u00e1lisis de necesidades tecnol\u00f3gicas<\/li>\n\n\n\n<li>Definici\u00f3n de arquitectura y herramientas<\/li>\n\n\n\n<li>Mejora de sistemas existentes<\/li>\n\n\n\n<li>Planificaci\u00f3n de proyectos digitales<\/li>\n<\/ul>\n\n\n\n<h2 class=\"wp-block-heading has-base-color has-accent-3-background-color has-text-color has-background has-link-color wp-elements-eaf58aa1d35939cec2de0e4412e042dd\" style=\"border-top-left-radius:0px;border-top-right-radius:25px;border-bottom-left-radius:25px;border-bottom-right-radius:0px;border-top-style:none;border-top-width:0px\"><strong>Acompa\u00f1amiento y Soporte<\/strong><\/h2>\n\n\n\n<p>No solo desarrollamos soluciones, te acompa\u00f1amos en su evoluci\u00f3n. Ofrecemos <strong>soporte, mejoras continuas y asesor\u00eda post-implementaci\u00f3n<\/strong>, asegurando que tu sistema siga aportando valor en el tiempo.<\/p>\n\n\n\n<h2 class=\"wp-block-heading has-base-color has-accent-3-background-color has-text-color has-background has-link-color wp-elements-5d21982333acae8cd7858434c7df7d18\" style=\"border-top-left-radius:0px;border-top-right-radius:25px;border-bottom-left-radius:25px;border-bottom-right-radius:0px;border-top-style:none;border-top-width:0px\"><strong>\u00bfPor qu\u00e9 elegir deportiva360?<\/strong><\/h2>\n\n\n\n<ul class=\"wp-block-list\">\n<li>M\u00e1s de <strong>10 a\u00f1os de experiencia en desarrollo<\/strong><\/li>\n\n\n\n<li>Tecnolog\u00eda moderna y buenas pr\u00e1cticas<\/li>\n\n\n\n<li>Trato cercano y comunicaci\u00f3n clara<\/li>\n\n\n\n<li>Soluciones accesibles y escalables<\/li>\n\n\n\n<li>Enfoque en resultados y crecimiento<\/li>\n<\/ul>\n","protected":false},"excerpt":{"rendered":"<p>Nuestros Servicios En deportiva360 ofrecemos soluciones tecnol\u00f3gicas dise\u00f1adas para impulsar la eficiencia, el crecimiento y la transformaci\u00f3n digital emprendedores y organizaciones. Combinamos experiencia, innovaci\u00f3n y acompa\u00f1amiento para entregar resultados reales. Desarrollo Web Dise\u00f1amos y desarrollamos sitios web modernos, responsivos y optimizados, enfocados en usabilidad, rendimiento y posicionamiento. Creamos desde p\u00e1ginas institucionales y landing pages hasta [&hellip;]<\/p>\n","protected":false},"author":1,"featured_media":0,"parent":0,"menu_order":1,"comment_status":"closed","ping_status":"closed","template":"page-no-title","meta":{"footnotes":""},"class_list":["post-155","page","type-page","status-publish","hentry"],"_links":{"self":[{"href":"https:\/\/deportiva360.com\/index.php?rest_route=\/wp\/v2\/pages\/155","targetHints":{"allow":["GET"]}}],"collection":[{"href":"https:\/\/deportiva360.com\/index.php?rest_route=\/wp\/v2\/pages"}],"about":[{"href":"https:\/\/deportiva360.com\/index.php?rest_route=\/wp\/v2\/types\/page"}],"author":[{"embeddable":true,"href":"https:\/\/deportiva360.com\/index.php?rest_route=\/wp\/v2\/users\/1"}],"replies":[{"embeddable":true,"href":"https:\/\/deportiva360.com\/index.php?rest_route=%2Fwp%2Fv2%2Fcomments&post=155"}],"version-history":[{"count":19,"href":"https:\/\/deportiva360.com\/index.php?rest_route=\/wp\/v2\/pages\/155\/revisions"}],"predecessor-version":[{"id":289,"href":"https:\/\/deportiva360.com\/index.php?rest_route=\/wp\/v2\/pages\/155\/revisions\/289"}],"wp:attachment":[{"href":"https:\/\/deportiva360.com\/index.php?rest_route=%2Fwp%2Fv2%2Fmedia&parent=155"}],"curies":[{"name":"wp","href":"https:\/\/api.w.org\/{rel}","templated":true}]}}