{"id":158,"date":"2025-12-24T15:08:24","date_gmt":"2025-12-24T20:08:24","guid":{"rendered":"http:\/\/localhost\/eldato\/?page_id=158"},"modified":"2025-12-26T14:21:27","modified_gmt":"2025-12-26T19:21:27","slug":"contactame","status":"publish","type":"page","link":"https:\/\/deportiva360.com\/?page_id=158","title":{"rendered":"Cont\u00e1ctame"},"content":{"rendered":"\n<h2 class=\"wp-block-heading has-base-color has-accent-3-background-color has-text-color has-background has-link-color wp-elements-1020f69d2dcea0773461eea6d82e3c86\" style=\"border-top-left-radius:0px;border-top-right-radius:25px;border-bottom-left-radius:25px;border-bottom-right-radius:0px;margin-top:25px\"><strong>Cont\u00e1ctame<\/strong><\/h2>\n\n\n\n<p>Cu\u00e9ntanos sobre tu idea o necesidad y te ayudaremos a encontrar la mejor soluci\u00f3n tecnol\u00f3gica.<br>Respondemos en menos de 24 horas.<\/p>\n\n\n<style id=\"wpforms-css-vars-191-block-7e10debc-bd9a-42c7-8825-201e7a0f4246\">\n\t\t\t\t#wpforms-191.wpforms-block-7e10debc-bd9a-42c7-8825-201e7a0f4246 {\n\t\t\t\t--wpforms-field-size-input-height: 43px;\n--wpforms-field-size-input-spacing: 15px;\n--wpforms-field-size-font-size: 16px;\n--wpforms-field-size-line-height: 19px;\n--wpforms-field-size-padding-h: 14px;\n--wpforms-field-size-checkbox-size: 16px;\n--wpforms-field-size-sublabel-spacing: 5px;\n--wpforms-field-size-icon-size: 1;\n--wpforms-label-size-font-size: 16px;\n--wpforms-label-size-line-height: 19px;\n--wpforms-label-size-sublabel-font-size: 14px;\n--wpforms-label-size-sublabel-line-height: 17px;\n--wpforms-button-size-font-size: 17px;\n--wpforms-button-size-height: 41px;\n--wpforms-button-size-padding-h: 15px;\n--wpforms-button-size-margin-top: 10px;\n\t\t\t}\n\t\t\t<\/style><div class=\"wpforms-container wpforms-container-full wpforms-block wpforms-block-7e10debc-bd9a-42c7-8825-201e7a0f4246 wpforms-render-modern\" id=\"wpforms-191\"><form id=\"wpforms-form-191\" class=\"wpforms-validate wpforms-form wpforms-ajax-form\" data-formid=\"191\" method=\"post\" enctype=\"multipart\/form-data\" action=\"\/index.php?rest_route=%2Fwp%2Fv2%2Fpages%2F158\" data-token=\"0e9a280e7577037bdf2258a21d9f9661\" data-token-time=\"1776426685\"><noscript class=\"wpforms-error-noscript\">Please enable JavaScript in your browser to complete this form.<\/noscript><div id=\"wpforms-error-noscript\" style=\"display: none;\">Please enable JavaScript in your browser to complete this form.<\/div><div class=\"wpforms-field-container\">\t\t<div id=\"wpforms-191-field_2-container\"\n\t\t\tclass=\"wpforms-field wpforms-field-text\"\n\t\t\tdata-field-type=\"text\"\n\t\t\tdata-field-id=\"2\"\n\t\t\t>\n\t\t\t<label class=\"wpforms-field-label\" for=\"wpforms-191-field_2\" >Correo Nombre Tel\u00e9fono<\/label>\n\t\t\t<input type=\"text\" id=\"wpforms-191-field_2\" class=\"wpforms-field-medium\" name=\"wpforms[fields][2]\" >\n\t\t<\/div>\n\t\t<div id=\"wpforms-191-field_6-container\" class=\"wpforms-field wpforms-field-name\" data-field-id=\"6\"><label class=\"wpforms-field-label\" for=\"wpforms-191-field_6\">Nombre <span class=\"wpforms-required-label\" aria-hidden=\"true\">*<\/span><\/label><input type=\"text\" id=\"wpforms-191-field_6\" class=\"wpforms-field-medium wpforms-field-required\" name=\"wpforms[fields][6]\" placeholder=\"Ej. Juan P\u00e9rez\" aria-errormessage=\"wpforms-191-field_6-error\" required><\/div><div id=\"wpforms-191-field_5-container\" class=\"wpforms-field wpforms-field-email\" data-field-id=\"5\"><label class=\"wpforms-field-label\" for=\"wpforms-191-field_5\">Correo electr\u00f3nico <span class=\"wpforms-required-label\" aria-hidden=\"true\">*<\/span><\/label><input type=\"email\" id=\"wpforms-191-field_5\" class=\"wpforms-field-medium wpforms-field-required\" name=\"wpforms[fields][5]\" placeholder=\"Ej. tucuenta@correo.com\" spellcheck=\"false\" aria-errormessage=\"wpforms-191-field_5-error\" required><\/div><div id=\"wpforms-191-field_7-container\" class=\"wpforms-field wpforms-field-number\" data-field-id=\"7\"><label class=\"wpforms-field-label\" for=\"wpforms-191-field_7\">Tel\u00e9fono<\/label><input type=\"number\" id=\"wpforms-191-field_7\" class=\"wpforms-field-medium\" name=\"wpforms[fields][7]\" placeholder=\"Ej. +51 999 999 999\" step=\"any\" aria-errormessage=\"wpforms-191-field_7-error\" ><\/div><div id=\"wpforms-191-field_1-container\" class=\"wpforms-field wpforms-field-text\" data-field-id=\"1\"><label class=\"wpforms-field-label\" for=\"wpforms-191-field_1\">Asunto<\/label><input type=\"text\" id=\"wpforms-191-field_1\" class=\"wpforms-field-medium\" name=\"wpforms[fields][1]\" placeholder=\"Tu proyecto\" aria-errormessage=\"wpforms-191-field_1-error\" ><\/div><div id=\"wpforms-191-field_3-container\" class=\"wpforms-field wpforms-field-textarea\" data-field-id=\"3\"><label class=\"wpforms-field-label\" for=\"wpforms-191-field_3\">Descripci\u00f3n<\/label><textarea id=\"wpforms-191-field_3\" class=\"wpforms-field-medium\" name=\"wpforms[fields][3]\" placeholder=\"Cu\u00e9ntanos sobre tu proyecto\" aria-errormessage=\"wpforms-191-field_3-error\" ><\/textarea><\/div><script>\n\t\t\t\t( function() {\n\t\t\t\t\tconst style = document.createElement( 'style' );\n\t\t\t\t\tstyle.appendChild( document.createTextNode( '#wpforms-191-field_2-container { position: absolute !important; overflow: hidden !important; display: inline !important; height: 1px !important; width: 1px !important; z-index: -1000 !important; padding: 0 !important; } #wpforms-191-field_2-container input { visibility: hidden; } #wpforms-conversational-form-page #wpforms-191-field_2-container label { counter-increment: none; }' ) );\n\t\t\t\t\tdocument.head.appendChild( style );\n\t\t\t\t\tdocument.currentScript?.remove();\n\t\t\t\t} )();\n\t\t\t<\/script><\/div><!-- .wpforms-field-container --><div class=\"wpforms-submit-container\" ><input type=\"hidden\" name=\"wpforms[id]\" value=\"191\"><input type=\"hidden\" name=\"page_title\" value=\"\"><input type=\"hidden\" name=\"page_url\" value=\"https:\/\/deportiva360.com\/index.php?rest_route=\/wp\/v2\/pages\/158\"><input type=\"hidden\" name=\"url_referer\" value=\"\"><button type=\"submit\" name=\"wpforms[submit]\" id=\"wpforms-submit-191\" class=\"wpforms-submit\" data-alt-text=\"Enviando...\" data-submit-text=\"Hablemos de tu proyecto\" aria-live=\"assertive\" value=\"wpforms-submit\">Hablemos de tu proyecto<\/button><img loading=\"lazy\" decoding=\"async\" src=\"https:\/\/deportiva360.com\/wp-content\/plugins\/wpforms-lite\/assets\/images\/submit-spin.svg\" class=\"wpforms-submit-spinner\" style=\"display: none;\" width=\"26\" height=\"26\" alt=\"Loading\"><\/div><\/form><\/div>  <!-- .wpforms-container -->","protected":false},"excerpt":{"rendered":"<p>Cont\u00e1ctame Cu\u00e9ntanos sobre tu idea o necesidad y te ayudaremos a encontrar la mejor soluci\u00f3n tecnol\u00f3gica.Respondemos en menos de 24 horas.<\/p>\n","protected":false},"author":1,"featured_media":0,"parent":0,"menu_order":3,"comment_status":"closed","ping_status":"closed","template":"page-no-title","meta":{"footnotes":""},"class_list":["post-158","page","type-page","status-publish","hentry"],"_links":{"self":[{"href":"https:\/\/deportiva360.com\/index.php?rest_route=\/wp\/v2\/pages\/158","targetHints":{"allow":["GET"]}}],"collection":[{"href":"https:\/\/deportiva360.com\/index.php?rest_route=\/wp\/v2\/pages"}],"about":[{"href":"https:\/\/deportiva360.com\/index.php?rest_route=\/wp\/v2\/types\/page"}],"author":[{"embeddable":true,"href":"https:\/\/deportiva360.com\/index.php?rest_route=\/wp\/v2\/users\/1"}],"replies":[{"embeddable":true,"href":"https:\/\/deportiva360.com\/index.php?rest_route=%2Fwp%2Fv2%2Fcomments&post=158"}],"version-history":[{"count":4,"href":"https:\/\/deportiva360.com\/index.php?rest_route=\/wp\/v2\/pages\/158\/revisions"}],"predecessor-version":[{"id":200,"href":"https:\/\/deportiva360.com\/index.php?rest_route=\/wp\/v2\/pages\/158\/revisions\/200"}],"wp:attachment":[{"href":"https:\/\/deportiva360.com\/index.php?rest_route=%2Fwp%2Fv2%2Fmedia&parent=158"}],"curies":[{"name":"wp","href":"https:\/\/api.w.org\/{rel}","templated":true}]}}