{"id":500,"date":"2026-01-14T18:22:32","date_gmt":"2026-01-14T23:22:32","guid":{"rendered":"https:\/\/deportiva360.com\/?page_id=500"},"modified":"2026-01-14T18:45:02","modified_gmt":"2026-01-14T23:45:02","slug":"warriors_brothers","status":"publish","type":"page","link":"https:\/\/deportiva360.com\/?page_id=500","title":{"rendered":"warriors-brothers"},"content":{"rendered":"\n<h2 class=\"wp-block-heading has-text-align-center\" style=\"margin-top:var(--wp--preset--spacing--40)\"><strong><em>ACADEMIA DE BASEBALL WARRIORS BROTHERS<\/em><\/strong><\/h2>\n\n\n\n<p class=\"has-text-align-center\">Formamos talento desde la base con disciplina, pasi\u00f3n y trabajo en equipo. Aqu\u00ed nacen los futuros guerreros del diamante, desarrollando habilidades, valores y amor por el b\u00e9isbol desde temprana edad. \ud83d\udcaa\ud83c\udfc6<br><strong>\u00a1Entrena como un Warrior, juega como un Brother!<\/strong><\/p>\n\n\n\n<div class=\"wp-block-group has-global-padding is-layout-constrained wp-block-group-is-layout-constrained\" style=\"margin-top:var(--wp--preset--spacing--40);margin-bottom:0\">\n<div class=\"wp-block-columns alignwide is-layout-flex wp-container-core-columns-is-layout-28f84493 wp-block-columns-is-layout-flex\">\n<div class=\"wp-block-column is-layout-flow wp-container-core-column-is-layout-8a368f38 wp-block-column-is-layout-flow\">\n<p class=\"has-base-color has-accent-2-background-color has-text-color has-background has-link-color wp-elements-4726a4fec007d3867f2d2b8688720979\"><strong>Horarios<\/strong><\/p>\n\n\n\n<figure class=\"wp-block-table is-style-stripes has-small-font-size\"><table class=\"has-fixed-layout\"><thead><tr><th class=\"has-text-align-left\" data-align=\"left\">D\u00eda<\/th><th class=\"has-text-align-left\" data-align=\"left\">Hora<\/th><th class=\"has-text-align-left\" data-align=\"left\">Actividad<\/th><\/tr><\/thead><tbody><tr><td class=\"has-text-align-left\" data-align=\"left\">Lunes<\/td><td class=\"has-text-align-left\" data-align=\"left\">7:00pm a 8:30pm<\/td><td class=\"has-text-align-left\" data-align=\"left\">Defensiva<\/td><\/tr><tr><td class=\"has-text-align-left\" data-align=\"left\">Mi\u00e9rcoles<\/td><td class=\"has-text-align-left\" data-align=\"left\">7:00pm a 8:30pm<\/td><td class=\"has-text-align-left\" data-align=\"left\">Ofensiva<\/td><\/tr><tr><td class=\"has-text-align-left\" data-align=\"left\">Viernes<\/td><td class=\"has-text-align-left\" data-align=\"left\">9:00pm a 10:30pm<\/td><td class=\"has-text-align-left\" data-align=\"left\">F\u00edsica<\/td><\/tr><\/tbody><\/table><\/figure>\n<\/div>\n<\/div>\n<\/div>\n","protected":false},"excerpt":{"rendered":"<p>ACADEMIA DE BASEBALL WARRIORS BROTHERS Formamos talento desde la base con disciplina, pasi\u00f3n y trabajo en equipo. Aqu\u00ed nacen los futuros guerreros del diamante, desarrollando habilidades, valores y amor por el b\u00e9isbol desde temprana edad. \ud83d\udcaa\ud83c\udfc6\u00a1Entrena como un Warrior, juega como un Brother! Horarios D\u00eda Hora Actividad Lunes 7:00pm a 8:30pm Defensiva Mi\u00e9rcoles 7:00pm a [&hellip;]<\/p>\n","protected":false},"author":1,"featured_media":0,"parent":0,"menu_order":0,"comment_status":"closed","ping_status":"closed","template":"page-no-title","meta":{"footnotes":""},"class_list":["post-500","page","type-page","status-publish","hentry"],"_links":{"self":[{"href":"https:\/\/deportiva360.com\/index.php?rest_route=\/wp\/v2\/pages\/500","targetHints":{"allow":["GET"]}}],"collection":[{"href":"https:\/\/deportiva360.com\/index.php?rest_route=\/wp\/v2\/pages"}],"about":[{"href":"https:\/\/deportiva360.com\/index.php?rest_route=\/wp\/v2\/types\/page"}],"author":[{"embeddable":true,"href":"https:\/\/deportiva360.com\/index.php?rest_route=\/wp\/v2\/users\/1"}],"replies":[{"embeddable":true,"href":"https:\/\/deportiva360.com\/index.php?rest_route=%2Fwp%2Fv2%2Fcomments&post=500"}],"version-history":[{"count":11,"href":"https:\/\/deportiva360.com\/index.php?rest_route=\/wp\/v2\/pages\/500\/revisions"}],"predecessor-version":[{"id":517,"href":"https:\/\/deportiva360.com\/index.php?rest_route=\/wp\/v2\/pages\/500\/revisions\/517"}],"wp:attachment":[{"href":"https:\/\/deportiva360.com\/index.php?rest_route=%2Fwp%2Fv2%2Fmedia&parent=500"}],"curies":[{"name":"wp","href":"https:\/\/api.w.org\/{rel}","templated":true}]}}